{"id":72,"date":"2012-07-31T02:16:22","date_gmt":"2012-07-31T02:16:22","guid":{"rendered":"https:\/\/avada.theme-fusion.com\/?page_id=72"},"modified":"2024-04-03T15:02:46","modified_gmt":"2024-04-03T15:02:46","slug":"services","status":"publish","type":"page","link":"https:\/\/www.lescomesbtt.com\/index.php\/services\/","title":{"rendered":"ALLOTJAMENT"},"content":{"rendered":"<p><div class=\"fusion-fullwidth fullwidth-box fusion-builder-row-1 fusion-flex-container has-pattern-background has-mask-background nonhundred-percent-fullwidth non-hundred-percent-height-scrolling\" style=\"--awb-border-radius-top-left:0px;--awb-border-radius-top-right:0px;--awb-border-radius-bottom-right:0px;--awb-border-radius-bottom-left:0px;\" ><div class=\"fusion-builder-row fusion-row fusion-flex-align-items-flex-start\" style=\"max-width:1144px;margin-left: calc(-4% \/ 2 );margin-right: calc(-4% \/ 2 );\"><div class=\"fusion-layout-column fusion_builder_column fusion-builder-column-0 fusion_builder_column_1_1 1_1 fusion-flex-column\" style=\"--awb-bg-size:cover;--awb-width-large:100%;--awb-margin-top-large:0px;--awb-spacing-right-large:1.92%;--awb-margin-bottom-large:20px;--awb-spacing-left-large:1.92%;--awb-width-medium:100%;--awb-order-medium:0;--awb-spacing-right-medium:1.92%;--awb-spacing-left-medium:1.92%;--awb-width-small:100%;--awb-order-small:0;--awb-spacing-right-small:1.92%;--awb-spacing-left-small:1.92%;\"><div class=\"fusion-column-wrapper fusion-column-has-shadow fusion-flex-justify-content-flex-start fusion-content-layout-column\"><div class=\"fusion-text fusion-text-1\"><h2 style=\"text-align: center; color: black; font-size: 30px;\"><span style=\"text-decoration: underline;\"><strong>ALLOTJAMENTS RECOMANATS<\/strong><\/span><\/h2>\n<p style=\"text-align: center; color: black;\">Si desitges una estada confortable durant la teva visita a Les Comes, en aquesta p\u00e0gina trobar\u00e0s els nostres allotjaments recomanats.<\/p>\n<\/div><\/div><\/div><\/div><\/div><div class=\"fusion-fullwidth fullwidth-box fusion-builder-row-2 hundred-percent-fullwidth non-hundred-percent-height-scrolling\" style=\"--awb-border-radius-top-left:0px;--awb-border-radius-top-right:0px;--awb-border-radius-bottom-right:0px;--awb-border-radius-bottom-left:0px;--awb-overflow:visible;\" ><div class=\"fusion-builder-row fusion-row\"><div class=\"fusion-layout-column fusion_builder_column fusion-builder-column-1 fusion_builder_column_1_3 1_3 fusion-one-third fusion-column-first fusion-column-no-min-height\" style=\"--awb-bg-size:cover;--awb-margin-bottom:0px;width:30.6666%; margin-right: 4%;\"><div class=\"fusion-column-wrapper fusion-flex-column-wrapper-legacy\"><div class=\"fusion-text fusion-text-2\"><p><img decoding=\"async\" class=\"aligncenter size-full wp-image-16835\" src=\"https:\/\/www.lescomesbtt.com\/wp-content\/uploads\/2023\/03\/Bremon-Boutique-Hotel-Room-3.jpg\" alt=\"Hotel Bremon\" width=\"100%\" srcset=\"https:\/\/www.lescomesbtt.com\/wp-content\/uploads\/2023\/03\/Bremon-Boutique-Hotel-Room-3-200x133.jpg 200w, https:\/\/www.lescomesbtt.com\/wp-content\/uploads\/2023\/03\/Bremon-Boutique-Hotel-Room-3-300x200.jpg 300w, https:\/\/www.lescomesbtt.com\/wp-content\/uploads\/2023\/03\/Bremon-Boutique-Hotel-Room-3-400x267.jpg 400w, https:\/\/www.lescomesbtt.com\/wp-content\/uploads\/2023\/03\/Bremon-Boutique-Hotel-Room-3-600x400.jpg 600w, https:\/\/www.lescomesbtt.com\/wp-content\/uploads\/2023\/03\/Bremon-Boutique-Hotel-Room-3.jpg 700w\" sizes=\"(max-width: 700px) 100vw, 700px\" \/><\/p>\n<\/div><div class=\"fusion-text fusion-text-3\"><p style=\"text-align: center; color: black;\"><strong>BREMON BOUTIQUE HOTEL by Duquessa Hotel Collection<\/strong><br \/>\nCarrer de Cambres, 15<br \/>\n08261 Cardona (Barcelona)<br \/>\n<a href=\"tel:+34938684902\"><u>Tel. 93 868 49 02<\/u><\/a><br \/>\n<a href=\"http:\/\/www.hotelbremon.com\/\" target=\"_blank\" rel=\"noopener noreferrer\"><u>www.hotelbremon.com<\/u><\/a><br \/>\n<a href=\"mailto:info@hotelbremon.com?Subject=Petici\u00f3 de reserva client Les Comes\"><u>info@hotelbremon.com<\/u><\/a><\/p>\n<\/div><div class=\"fusion-clearfix\"><\/div><\/div><\/div><div class=\"fusion-layout-column fusion_builder_column fusion-builder-column-2 fusion_builder_column_1_3 1_3 fusion-one-third fusion-column-no-min-height\" style=\"--awb-bg-size:cover;--awb-margin-bottom:0px;width:30.6666%; margin-right: 4%;\"><div class=\"fusion-column-wrapper fusion-flex-column-wrapper-legacy\"><div class=\"fusion-text fusion-text-4\"><p><img decoding=\"async\" class=\"aligncenter size-full wp-image-16833\" src=\"https:\/\/www.lescomesbtt.com\/wp-content\/uploads\/2023\/03\/El-Vilar-de-la-Duquessa-Foto-2.jpg\" alt=\"Hotel Vilar de la Duquessa\" width=\"100%\" srcset=\"https:\/\/www.lescomesbtt.com\/wp-content\/uploads\/2023\/03\/El-Vilar-de-la-Duquessa-Foto-2-200x133.jpg 200w, https:\/\/www.lescomesbtt.com\/wp-content\/uploads\/2023\/03\/El-Vilar-de-la-Duquessa-Foto-2-300x200.jpg 300w, https:\/\/www.lescomesbtt.com\/wp-content\/uploads\/2023\/03\/El-Vilar-de-la-Duquessa-Foto-2-400x267.jpg 400w, https:\/\/www.lescomesbtt.com\/wp-content\/uploads\/2023\/03\/El-Vilar-de-la-Duquessa-Foto-2-600x400.jpg 600w, https:\/\/www.lescomesbtt.com\/wp-content\/uploads\/2023\/03\/El-Vilar-de-la-Duquessa-Foto-2.jpg 700w\" sizes=\"(max-width: 700px) 100vw, 700px\" \/><\/p>\n<\/div><div class=\"fusion-text fusion-text-5\"><p style=\"text-align: center; color: black;\"><strong>EL VILAR DE LA DUQUESSA by Duquessa Hotel Collection<\/strong><br \/>\nCam\u00ed de Lourdes, s\/n<br \/>\n08261 Cardona, Barcelona<br \/>\n<a href=\"tel:+34622577935\"><u>Tel. 622 57 79 35<\/u><\/a><br \/>\n<a href=\"https:\/\/www.hotelbremon.com\/\" target=\"_blank\" rel=\"noopener\"><u>www.vilardeladuquessa.com<\/u><\/a><a href=\"tel:+34622577935\"><br \/>\n<\/a><a href=\"mailto:info.vilar@grupduquessa.com?Subject=Petici\u00f3 de reserva client Les Comes\"><u>info.vilar@grupduquessa.com<\/u><\/a><\/p>\n<\/div><div class=\"fusion-clearfix\"><\/div><\/div><\/div><div class=\"fusion-layout-column fusion_builder_column fusion-builder-column-3 fusion_builder_column_1_3 1_3 fusion-one-third fusion-column-last fusion-column-no-min-height\" style=\"--awb-bg-size:cover;--awb-margin-bottom:0px;width:30.6666%;\"><div class=\"fusion-column-wrapper fusion-flex-column-wrapper-legacy\"><div class=\"fusion-text fusion-text-6\"><p><img decoding=\"async\" class=\"aligncenter size-full wp-image-16837\" src=\"https:\/\/www.lescomesbtt.com\/wp-content\/uploads\/2023\/03\/castelladral.jpg\" alt=\"La Garriga de Castelladral\" width=\"100%\" srcset=\"https:\/\/www.lescomesbtt.com\/wp-content\/uploads\/2023\/03\/castelladral-200x133.jpg 200w, https:\/\/www.lescomesbtt.com\/wp-content\/uploads\/2023\/03\/castelladral-300x200.jpg 300w, https:\/\/www.lescomesbtt.com\/wp-content\/uploads\/2023\/03\/castelladral-400x267.jpg 400w, https:\/\/www.lescomesbtt.com\/wp-content\/uploads\/2023\/03\/castelladral-600x400.jpg 600w, https:\/\/www.lescomesbtt.com\/wp-content\/uploads\/2023\/03\/castelladral.jpg 700w\" sizes=\"(max-width: 700px) 100vw, 700px\" \/><\/p>\n<\/div><div class=\"fusion-text fusion-text-7\"><p style=\"text-align: center; color: black;\"><strong>LA GARRIGA DE CASTELLADRAL<\/strong><br \/>\nCtra. de S\u00faria a Castelladral Km 5,2<br \/>\n08671 Castelladral<br \/>\n<a href=\"tel:+34678567876\"><u>Tel. 93 868 22 50<\/u><\/a><br \/>\n<a href=\"https:\/\/www.masialagarriga.com\/ca\/\" target=\"_blank\" rel=\"noopener\"><u>www.masialagarriga.com<\/u><\/a><br \/>\n<a href=\"mailto:info@masialagarriga.com?Subject=Petici\u00f3 de reserva client Les Comes\"><u>info@masialagarriga.com<\/u><\/a><\/p>\n<\/div><div class=\"fusion-clearfix\"><\/div><\/div><\/div><\/div><\/div><div class=\"fusion-fullwidth fullwidth-box fusion-builder-row-3 fusion-flex-container has-pattern-background has-mask-background nonhundred-percent-fullwidth non-hundred-percent-height-scrolling\" style=\"--awb-border-radius-top-left:0px;--awb-border-radius-top-right:0px;--awb-border-radius-bottom-right:0px;--awb-border-radius-bottom-left:0px;--awb-padding-top:2%;--awb-padding-bottom:2%;\" ><div class=\"fusion-builder-row fusion-row fusion-flex-align-items-flex-start\" style=\"max-width:1144px;margin-left: calc(-4% \/ 2 );margin-right: calc(-4% \/ 2 );\"><div class=\"fusion-layout-column fusion_builder_column fusion-builder-column-4 fusion_builder_column_1_1 1_1 fusion-flex-column\" style=\"--awb-bg-size:cover;--awb-width-large:100%;--awb-margin-top-large:0px;--awb-spacing-right-large:1.92%;--awb-margin-bottom-large:20px;--awb-spacing-left-large:1.92%;--awb-width-medium:100%;--awb-order-medium:0;--awb-spacing-right-medium:1.92%;--awb-spacing-left-medium:1.92%;--awb-width-small:100%;--awb-order-small:0;--awb-spacing-right-small:1.92%;--awb-spacing-left-small:1.92%;\"><div class=\"fusion-column-wrapper fusion-column-has-shadow fusion-flex-justify-content-flex-start fusion-content-layout-column\"><div class=\"fusion-separator\" style=\"align-self: center;margin-left: auto;margin-right: auto;width:100%;max-width:90%;\"><div class=\"fusion-separator-border sep-single sep-solid\" style=\"--awb-height:20px;--awb-amount:20px;--awb-sep-color:#b5b3b3;border-color:#b5b3b3;border-top-width:2px;\"><\/div><\/div><\/div><\/div><\/div><\/div><div class=\"fusion-fullwidth fullwidth-box fusion-builder-row-4 fusion-flex-container has-pattern-background has-mask-background nonhundred-percent-fullwidth non-hundred-percent-height-scrolling\" style=\"--awb-border-radius-top-left:0px;--awb-border-radius-top-right:0px;--awb-border-radius-bottom-right:0px;--awb-border-radius-bottom-left:0px;\" ><div class=\"fusion-builder-row fusion-row fusion-flex-align-items-flex-start\" style=\"max-width:1144px;margin-left: calc(-4% \/ 2 );margin-right: calc(-4% \/ 2 );\"><div class=\"fusion-layout-column fusion_builder_column fusion-builder-column-5 fusion_builder_column_1_3 1_3 fusion-flex-column\" style=\"--awb-bg-size:cover;--awb-width-large:33.333333333333%;--awb-margin-top-large:0px;--awb-spacing-right-large:5.76%;--awb-margin-bottom-large:20px;--awb-spacing-left-large:5.76%;--awb-width-medium:100%;--awb-order-medium:0;--awb-spacing-right-medium:1.92%;--awb-spacing-left-medium:1.92%;--awb-width-small:100%;--awb-order-small:0;--awb-spacing-right-small:1.92%;--awb-spacing-left-small:1.92%;\"><div class=\"fusion-column-wrapper fusion-column-has-shadow fusion-flex-justify-content-flex-start fusion-content-layout-column\"><\/div><\/div><div class=\"fusion-layout-column fusion_builder_column fusion-builder-column-6 fusion_builder_column_1_3 1_3 fusion-flex-column\" style=\"--awb-bg-size:cover;--awb-width-large:33.333333333333%;--awb-margin-top-large:0px;--awb-spacing-right-large:5.76%;--awb-margin-bottom-large:20px;--awb-spacing-left-large:5.76%;--awb-width-medium:100%;--awb-order-medium:0;--awb-spacing-right-medium:1.92%;--awb-spacing-left-medium:1.92%;--awb-width-small:100%;--awb-order-small:0;--awb-spacing-right-small:1.92%;--awb-spacing-left-small:1.92%;\"><div class=\"fusion-column-wrapper fusion-column-has-shadow fusion-flex-justify-content-flex-start fusion-content-layout-column\"><div class=\"fusion-text fusion-text-8\" style=\"--awb-margin-top:3%;\"><p style=\"text-align: center; color: black;\">\u00a0<strong>RAM\u00d3N PARK HOTEL<\/strong><br \/>\nCam\u00ed de Juncadella s\/n<br \/>\n08251 Santpedor (Barcelona)<br \/>\nTel. 93 832 08 50<br \/>\n<a href=\"www.ramonparkhotel.com\" target=\"_blank\" rel=\"noopener noreferrer\">www.ramonparkhotel.com<\/a><br \/>\n<a href=\"mailto:info@ramonparkhotel.com?Subject=Petici\u00f3 de reserva client Les Comes\">info@ramonparkhotel.com<\/a><\/p>\n<\/div><div class=\"fusion-text fusion-text-9\" style=\"--awb-margin-top:3%;\"><p style=\"text-align: center; color: black;\"><strong>URBI APARTAMENTS<\/strong><br \/>\nC\/ Codinella, 9<br \/>\n08242 Manresa (Barcelona)<br \/>\nTel. 608566126<br \/>\n<a href=\"http:\/\/www.urbi-apartments.com\" target=\"_blank\" rel=\"noopener\">www.urbi-apartments.com<\/a><br \/>\n<a href=\"mailto:reservas@urbigrup.com?Subject=Petici\u00f3 de reserva client Les Comes\" target=\"_blank\" rel=\"noopener\">reservas@urbigrup.com<\/a><\/p>\n<\/div><div class=\"fusion-text fusion-text-10\" style=\"--awb-margin-top:3%;\"><p style=\"text-align: center; color: black;\"><strong>L\u2019HOTELET CASA PADR\u00d3<\/strong><br \/>\nPasseig Pere III, 38 2n 1\u00aa<br \/>\n08240 Manresa (Barcelona)<br \/>\nTel. 93 872 37 51 \/ 683 599 522<br \/>\n<a href=\"https:\/\/www.hoteletmanresa.com\/\" target=\"_blank\" rel=\"noopener\">www.hoteletmanresa.com<\/a><br \/>\n<a href=\"mailto:info@hoteletmanresa.com?Subject=Petici\u00f3 de reserva client Les Comes\">info@hoteletmanresa.com<\/a><\/p>\n<\/div><div class=\"fusion-text fusion-text-11\" style=\"--awb-margin-top:3%;\"><p style=\"text-align: center; color: black;\"><strong>HOSTAL SOMNIS I ARRELS<\/strong><br \/>\nC\/Diputaci\u00f3, 8<br \/>\n08260 S\u00faria (Barcelona)<br \/>\nTel. 93 869 41 91 \/ 659 900 549<br \/>\n<a href=\"http:\/\/www.hostalsomnis.com\/es\/index.htm\" target=\"_blank\" rel=\"noopener noreferrer\">www.hostalsomnis.com<\/a><br \/>\n<a href=\"mailto:info@hostalsomnis.com?Subject=Petici\u00f3 de reserva client Les Comes\">info@hostalsomnis.com<\/a><\/p>\n<\/div><div class=\"fusion-text fusion-text-12\" style=\"--awb-margin-top:3%;\"><p style=\"text-align: center; color: black;\"><strong>CASA BOIXADER<\/strong><br \/>\nCtra. de Castellet 47<br \/>\n08670 NAV\u00c0S (Barcelona)<br \/>\nTel. 698 71 80 43<br \/>\n<a href=\"http:\/\/www.casaboixader.cat\/\" target=\"_blank\" rel=\"noopener noreferrer\">www.casaboixader.cat<\/a><br \/>\n<a href=\"mailto:info@casaboixader.cat?Subject=Petici\u00f3 de reserva client Les Comes\">info@casaboixader.cat<\/a><\/p>\n<\/div><div class=\"fusion-text fusion-text-13\" style=\"--awb-margin-top:3%;\"><p style=\"text-align: center; color: black;\"><strong>C\u00c0MPING CAL PARAD\u00cdS<\/strong><br \/>\nBV-3002, km 9<br \/>\n08269 Salo (Barcelona)<br \/>\nTel. 93 869 56 52<br \/>\n<a href=\"http:\/\/www.campingcalparadis.com\" target=\"_blank\" rel=\"noopener\">www.campingcalparadis.com<\/a><br \/>\n<a href=\"mailto:calparadis@campingcalparadis.com?Subject=Petici\u00f3 de reserva client Les Comes\">calparadis@campingcalparadis.com<\/a><\/p>\n<\/div><div class=\"fusion-text fusion-text-14\" style=\"--awb-margin-top:3%;\"><p style=\"text-align: center; color: black;\"><strong>HOTEL M\u00d3N SANT BENET<\/strong><br \/>\nCam\u00ed de Sant Benet, S\/N,<br \/>\n08272 Sant Fruit\u00f3s de Bages (Barcelona)<br \/>\nTel. 93 875 94 04<br \/>\n<a href=\"https:\/\/monsantbenet.com\/es\/hotel-mon\/\" target=\"_blank\" rel=\"noopener\">www.monsantbenet.com<\/a><br \/>\n<a href=\"mailto:hotel@monstbenet.com?Subject=Petici\u00f3 de reserva client Les Comes\">hotel@monstbenet.com<\/a><\/p>\n<\/div><\/div><\/div><div class=\"fusion-layout-column fusion_builder_column fusion-builder-column-7 fusion_builder_column_1_3 1_3 fusion-flex-column\" style=\"--awb-bg-size:cover;--awb-width-large:33.333333333333%;--awb-margin-top-large:0px;--awb-spacing-right-large:5.76%;--awb-margin-bottom-large:20px;--awb-spacing-left-large:5.76%;--awb-width-medium:100%;--awb-order-medium:0;--awb-spacing-right-medium:1.92%;--awb-spacing-left-medium:1.92%;--awb-width-small:100%;--awb-order-small:0;--awb-spacing-right-small:1.92%;--awb-spacing-left-small:1.92%;\"><div class=\"fusion-column-wrapper fusion-column-has-shadow fusion-flex-justify-content-flex-start fusion-content-layout-column\"><\/div><\/div><\/div><\/div><\/p>\n","protected":false},"excerpt":{"rendered":"","protected":false},"author":2,"featured_media":0,"parent":0,"menu_order":0,"comment_status":"open","ping_status":"open","template":"","meta":{"_exactmetrics_skip_tracking":false,"_exactmetrics_sitenote_active":false,"_exactmetrics_sitenote_note":"","_exactmetrics_sitenote_category":0},"yoast_head":"<!-- This site is optimized with the Yoast SEO plugin v20.1 - https:\/\/yoast.com\/wordpress\/plugins\/seo\/ -->\n<title>Llistat d&#039;allotjaments propers a Les Comes, S\u00faria<\/title>\n<meta name=\"description\" content=\"Si desitges una estada confortable durant la teva visita a Les Comes, en aquesta p\u00e0gina trobar\u00e0s els nostres allotjaments recomanats.\" \/>\n<meta name=\"robots\" content=\"index, follow, max-snippet:-1, max-image-preview:large, max-video-preview:-1\" \/>\n<link rel=\"canonical\" href=\"https:\/\/www.lescomesbtt.com\/index.php\/services\/\" \/>\n<meta property=\"og:locale\" content=\"ca_ES\" \/>\n<meta property=\"og:type\" content=\"article\" \/>\n<meta property=\"og:title\" content=\"Llistat d&#039;allotjaments propers a Les Comes, S\u00faria\" \/>\n<meta property=\"og:description\" content=\"Si desitges una estada confortable durant la teva visita a Les Comes, en aquesta p\u00e0gina trobar\u00e0s els nostres allotjaments recomanats.\" \/>\n<meta property=\"og:url\" content=\"https:\/\/www.lescomesbtt.com\/index.php\/services\/\" \/>\n<meta property=\"og:site_name\" content=\"LES COMES BTT\" \/>\n<meta property=\"article:modified_time\" content=\"2024-04-03T15:02:46+00:00\" \/>\n<meta property=\"og:image\" content=\"https:\/\/www.lescomesbtt.com\/wp-content\/uploads\/2023\/03\/Bremon-Boutique-Hotel-Room-3.jpg\" \/>\n<meta name=\"twitter:card\" content=\"summary_large_image\" \/>\n<meta name=\"twitter:label1\" content=\"Temps estimat de lectura\" \/>\n\t<meta name=\"twitter:data1\" content=\"11 minuts\" \/>\n<script type=\"application\/ld+json\" class=\"yoast-schema-graph\">{\"@context\":\"https:\/\/schema.org\",\"@graph\":[{\"@type\":\"WebPage\",\"@id\":\"https:\/\/www.lescomesbtt.com\/index.php\/services\/\",\"url\":\"https:\/\/www.lescomesbtt.com\/index.php\/services\/\",\"name\":\"Llistat d'allotjaments propers a Les Comes, S\u00faria\",\"isPartOf\":{\"@id\":\"https:\/\/www.lescomesbtt.com\/#website\"},\"datePublished\":\"2012-07-31T02:16:22+00:00\",\"dateModified\":\"2024-04-03T15:02:46+00:00\",\"description\":\"Si desitges una estada confortable durant la teva visita a Les Comes, en aquesta p\u00e0gina trobar\u00e0s els nostres allotjaments recomanats.\",\"breadcrumb\":{\"@id\":\"https:\/\/www.lescomesbtt.com\/index.php\/services\/#breadcrumb\"},\"inLanguage\":\"ca\",\"potentialAction\":[{\"@type\":\"ReadAction\",\"target\":[\"https:\/\/www.lescomesbtt.com\/index.php\/services\/\"]}]},{\"@type\":\"BreadcrumbList\",\"@id\":\"https:\/\/www.lescomesbtt.com\/index.php\/services\/#breadcrumb\",\"itemListElement\":[{\"@type\":\"ListItem\",\"position\":1,\"name\":\"Portada\",\"item\":\"https:\/\/www.lescomesbtt.com\/\"},{\"@type\":\"ListItem\",\"position\":2,\"name\":\"ALLOTJAMENT\"}]},{\"@type\":\"WebSite\",\"@id\":\"https:\/\/www.lescomesbtt.com\/#website\",\"url\":\"https:\/\/www.lescomesbtt.com\/\",\"name\":\"LES COMES BTT\",\"description\":\"La gran festa del BTT\",\"potentialAction\":[{\"@type\":\"SearchAction\",\"target\":{\"@type\":\"EntryPoint\",\"urlTemplate\":\"https:\/\/www.lescomesbtt.com\/?s={search_term_string}\"},\"query-input\":\"required name=search_term_string\"}],\"inLanguage\":\"ca\"}]}<\/script>\n<!-- \/ Yoast SEO plugin. -->","yoast_head_json":{"title":"Llistat d'allotjaments propers a Les Comes, S\u00faria","description":"Si desitges una estada confortable durant la teva visita a Les Comes, en aquesta p\u00e0gina trobar\u00e0s els nostres allotjaments recomanats.","robots":{"index":"index","follow":"follow","max-snippet":"max-snippet:-1","max-image-preview":"max-image-preview:large","max-video-preview":"max-video-preview:-1"},"canonical":"https:\/\/www.lescomesbtt.com\/index.php\/services\/","og_locale":"ca_ES","og_type":"article","og_title":"Llistat d'allotjaments propers a Les Comes, S\u00faria","og_description":"Si desitges una estada confortable durant la teva visita a Les Comes, en aquesta p\u00e0gina trobar\u00e0s els nostres allotjaments recomanats.","og_url":"https:\/\/www.lescomesbtt.com\/index.php\/services\/","og_site_name":"LES COMES BTT","article_modified_time":"2024-04-03T15:02:46+00:00","og_image":[{"url":"https:\/\/www.lescomesbtt.com\/wp-content\/uploads\/2023\/03\/Bremon-Boutique-Hotel-Room-3.jpg"}],"twitter_card":"summary_large_image","twitter_misc":{"Temps estimat de lectura":"11 minuts"},"schema":{"@context":"https:\/\/schema.org","@graph":[{"@type":"WebPage","@id":"https:\/\/www.lescomesbtt.com\/index.php\/services\/","url":"https:\/\/www.lescomesbtt.com\/index.php\/services\/","name":"Llistat d'allotjaments propers a Les Comes, S\u00faria","isPartOf":{"@id":"https:\/\/www.lescomesbtt.com\/#website"},"datePublished":"2012-07-31T02:16:22+00:00","dateModified":"2024-04-03T15:02:46+00:00","description":"Si desitges una estada confortable durant la teva visita a Les Comes, en aquesta p\u00e0gina trobar\u00e0s els nostres allotjaments recomanats.","breadcrumb":{"@id":"https:\/\/www.lescomesbtt.com\/index.php\/services\/#breadcrumb"},"inLanguage":"ca","potentialAction":[{"@type":"ReadAction","target":["https:\/\/www.lescomesbtt.com\/index.php\/services\/"]}]},{"@type":"BreadcrumbList","@id":"https:\/\/www.lescomesbtt.com\/index.php\/services\/#breadcrumb","itemListElement":[{"@type":"ListItem","position":1,"name":"Portada","item":"https:\/\/www.lescomesbtt.com\/"},{"@type":"ListItem","position":2,"name":"ALLOTJAMENT"}]},{"@type":"WebSite","@id":"https:\/\/www.lescomesbtt.com\/#website","url":"https:\/\/www.lescomesbtt.com\/","name":"LES COMES BTT","description":"La gran festa del BTT","potentialAction":[{"@type":"SearchAction","target":{"@type":"EntryPoint","urlTemplate":"https:\/\/www.lescomesbtt.com\/?s={search_term_string}"},"query-input":"required name=search_term_string"}],"inLanguage":"ca"}]}},"_links":{"self":[{"href":"https:\/\/www.lescomesbtt.com\/index.php\/wp-json\/wp\/v2\/pages\/72"}],"collection":[{"href":"https:\/\/www.lescomesbtt.com\/index.php\/wp-json\/wp\/v2\/pages"}],"about":[{"href":"https:\/\/www.lescomesbtt.com\/index.php\/wp-json\/wp\/v2\/types\/page"}],"author":[{"embeddable":true,"href":"https:\/\/www.lescomesbtt.com\/index.php\/wp-json\/wp\/v2\/users\/2"}],"replies":[{"embeddable":true,"href":"https:\/\/www.lescomesbtt.com\/index.php\/wp-json\/wp\/v2\/comments?post=72"}],"version-history":[{"count":70,"href":"https:\/\/www.lescomesbtt.com\/index.php\/wp-json\/wp\/v2\/pages\/72\/revisions"}],"predecessor-version":[{"id":17653,"href":"https:\/\/www.lescomesbtt.com\/index.php\/wp-json\/wp\/v2\/pages\/72\/revisions\/17653"}],"wp:attachment":[{"href":"https:\/\/www.lescomesbtt.com\/index.php\/wp-json\/wp\/v2\/media?parent=72"}],"curies":[{"name":"wp","href":"https:\/\/api.w.org\/{rel}","templated":true}]}}