{"id":3,"date":"2018-06-08T07:30:59","date_gmt":"2018-06-08T07:30:59","guid":{"rendered":"https:\/\/www.lescomesbtt.com\/?page_id=3"},"modified":"2023-02-23T14:25:57","modified_gmt":"2023-02-23T14:25:57","slug":"politica-privacidad","status":"publish","type":"page","link":"https:\/\/www.lescomesbtt.com\/index.php\/politica-privacidad\/","title":{"rendered":"Pol\u00edtica de privacitat"},"content":{"rendered":"<h3 class=\"fusion-responsive-typography-calculated\" data-fontsize=\"25\" data-lineheight=\"37.5px\"><strong>Condiciones legales y de privacidad<\/strong><br \/>\n<strong>POLITICA DE PRIVACIDAD DE DATOS<\/strong><\/h3>\n<p>De acuerdo con el Reglamento (UE) 2016\/679 del Parlamento Europeo y del Consejo de 27 de abril de 2016, relativo a la protecci\u00f3n de las personas f\u00edsicas en lo que respecta al tratamiento de datos personales y a la libre circulaci\u00f3n de estos datos (en adelante RGPD), te informamos que los datos facilitados libre y voluntariamente por todos los asistentes a los eventos del Club Esportiu Promotor Sports, sea en la modalidad que sea (participante, acompa\u00f1ante, visitante, personal expositor, etc.) y ya sean recogidas por web o f\u00edsicamente en el mismo evento ser\u00e1n tratados por la entidad:<\/p>\n<p>&nbsp;<\/p>\n<p><strong>1.- IDENTIDAD Y DATOS DE CONTACTO DEL RESPONSABLE<\/strong><br \/>\nClub Esportiu Promotor Sports<br \/>\nCIF: G65408700<br \/>\nDirecci\u00f3n postal: Pol\u00edgono Industrial El Cort\u00e9s, 12, 08262 Call\u00fas (Barcelona) Espa\u00f1a<br \/>\nTel\u00e9fono: 93 877 07 58<br \/>\nDirecci\u00f3n de correo electr\u00f3nico:\u00a0<a href=\"mailto:info@lescomes.com\" target=\"_blank\" rel=\"noopener noreferrer\">info@lescomes.com<\/a><\/p>\n<p><strong>2.- DATOS DE CONTACTO DEL DELEGADO DE PROTECCI\u00d3N DE DATOS<\/strong><br \/>\nTel\u00e9fono: 93 877 07 58<br \/>\nDirecci\u00f3n de correo electr\u00f3nico:\u00a0<a href=\"mailto:info@lescomes.com\" target=\"_blank\" rel=\"noopener noreferrer\">info@lescomes.com<\/a><\/p>\n<p><strong>3.- FINES DEL TRATAMIENTO Y BASE JUR\u00cdDICA<\/strong><br \/>\nDesde Club Esportiu Promotor Sports, podemos tratar tus datos de car\u00e1cter personal para las siguientes finalidades, en funci\u00f3n del motivo por el que nos las hayas facilitado:<\/p>\n<ul>\n<li>I \u2013 Tramitar el proceso de inscripci\u00f3n del evento en el que te hayas registrado como participante, ya sea a trav\u00e9s de la web o por alguna otra v\u00eda f\u00edsica o telem\u00e1tica.<\/li>\n<li>II \u2013 Gestionar el proceso de registro como participante as\u00ed como disfrutar de todas las ventajas de ser participante del evento.<\/li>\n<li>III \u2013 Participar en las promociones, sorteos y eventos organizados por Les Comes de Sererols.<\/li>\n<li>IV \u2013 Gestionar las inscripciones y el env\u00edo al participante de informaci\u00f3n sobre los eventos de la empresa, concursos y promociones especiales.<\/li>\n<li>V \u2013 En caso de que el usuario acepte la instalaci\u00f3n de las cookies, propias y de terceros a su equipo mediante la navegaci\u00f3n en este web, se utilizar\u00e1 la informaci\u00f3n proporcionada por estas para la elaboraci\u00f3n de perfiles y el uso de la web sobre la base de la navegaci\u00f3n y el historial, con el fin de poder mejorar la visualizaci\u00f3n y usabilidad del sitio web.<\/li>\n<\/ul>\n<p>El env\u00edo de informaci\u00f3n tiene como finalidad ofrecer a los participantes la informaci\u00f3n de los diferentes eventos a fin de conseguir su fidelizaci\u00f3n. Sin embargo, te recordamos que tienes derecho a oponerte a este tratamiento de tus datos, y que puedes hacerlo por cualquiera de los medios descritos en estas condiciones.<\/p>\n<p>En cada uno de los formularios de recogida de datos de este sitio web se requiere, con car\u00e1cter previo, el consentimiento expreso del usuario.<\/p>\n<p>Para dar respuesta a las solicitudes de informaci\u00f3n y otros tr\u00e1mites del usuario \/ participante, \u00e9ste estar\u00e1 obligado a facilitar sus datos de contacto. De lo contrario, no podemos garantizarle una respuesta adecuada. Del mismo modo, en cualquier momento el usuario podr\u00e1 revocar el consentimiento, mediante un correo electr\u00f3nico con el asunto \u201cbaja\u201d al correo\u00a0<a href=\"mailto:info@lescomes.com\" target=\"_blank\" rel=\"noopener noreferrer\">info@lescomes.com<\/a>.<\/p>\n<p>El usuario garantiza y responder\u00e1 de que los datos aportados sean verdaderos, exactos, completos y actualizados, as\u00ed como de cualquier da\u00f1o o perjuicio, directo o indirecto, que pudiera ocasionar como consecuencia del incumplimiento de esta obligaci\u00f3n. En caso de que los datos aportados pertenecieran a un tercero, el usuario garantiza que ha informado este tercero de los aspectos contenidos en este documento, y obtenido su autorizaci\u00f3n para facilitar sus datos a Club Esportiu Promotor Sports<\/p>\n<p>Club Esportiu Promotor Sports se reserva el derecho a excluir de la participaci\u00f3n de un acontecimiento y de su respectiva BBDD, cualquier usuario que haya facilitado datos falsos, sin perjuicio de otras acciones que correspondan en derecho. Club Esportiu Promotor Sports podr\u00e1 utilizar el fichero de datos de participantes para informar de modificaciones en el servicio, pero deber\u00e1 solicitar siempre la autorizaci\u00f3n expresa del usuario para el env\u00edo de mensajes informativos y \/ o de publicidad sobre productos y servicios. En ning\u00fan caso se podr\u00e1 comunicar o ceder los datos a terceros sin el consentimiento previo y expreso del usuario.<\/p>\n<p><strong>4.- DESTINATARIOS DE LOS DATOS<\/strong><br \/>\nEn cumplimiento del Reglamento General de Protecci\u00f3n de Datos de la U.E. 2016\/679 y la Ley Org\u00e1nica de Protecci\u00f3n de Datos de Car\u00e1cter Personal le informamos que los datos personales que usted ha facilitado han sido aportados libremente y que ha sido informado de manera inequ\u00edvoca sobre la finalidad de la recogida. Los mismos ser\u00e1n incorporados a un fichero de tratamiento de la empresa Club Esportiu Promotor Sports, el cual, garantiza en todo momento la privacidad de estos datos y se comprometen a custodiarlos para evitar su alteraci\u00f3n, p\u00e9rdida, tratamiento o la acceso no autorizado.<\/p>\n<p><strong>5.- CONSERVACI\u00d3N DE LOS DATOS<\/strong><br \/>\nTus datos de car\u00e1cter personal se conservar\u00e1n durante el plazo legal correspondiente seg\u00fan el tipo de tratamiento de esta web. En este sentido:<\/p>\n<p>Los datos para la gesti\u00f3n de las inscripciones de un evento se conservar\u00e1n durante todo el tiempo que el evento siga realiz\u00e1ndose. Una vez un evento se deja de organizar de forma permanente, los datos podr\u00e1n ser conservados durante el tiempo exigido por la legislaci\u00f3n aplicable y hasta que prescriban las eventuales responsabilidades derivadas del contrato.<br \/>\nLos datos para el env\u00edo de los boletines informativos y las comunicaciones comerciales de nuestros productos o servicios ser\u00e1n conservados indefinidamente hasta que el usuario manifieste, en su caso, su voluntad de suprimirlas.<br \/>\nLos datos para la participaci\u00f3n en promociones, sorteos y eventos organizados por la entidad se conservar\u00e1n mientras sean vigentes de acuerdo con lo que se establezca en sus bases legales espec\u00edficas para su correcto desarrollo, y, una vez finalizados, hasta que prescriban las posibles responsabilidades derivadas de su realizaci\u00f3n.<br \/>\nLos datos para la gesti\u00f3n de consultas y solicitudes se conservar\u00e1n durante el tiempo que sea necesario para dar respuesta, con un plazo m\u00e1ximo de doce meses.<br \/>\nLos datos relativos a publicaciones de comentarios sobre nuestros productos se mantendr\u00e1n durante la vigencia del evento y \/ o actividad a la que hacen referencia, a menos que se exprese el deseo del usuario que sean eliminados en cualquier momento.<br \/>\nEn respuesta a la preocupaci\u00f3n de Club Esportiu Promotor Sports para garantizar la seguridad y confidencialidad de tus datos, se han adoptado los niveles de seguridad requeridos de protecci\u00f3n de los datos personales y se han implementado los medios t\u00e9cnicos a su alcance para evitar la p\u00e9rdida, mal uso, alteraci\u00f3n, acceso no autorizado y robo de los datos personales facilitados a trav\u00e9s de este sitio web.<\/p>\n<p><strong>6.- EJERCICIO DE DERECHOS<\/strong><br \/>\nEn cualquier momento el usuario podr\u00e1 ejercer los derechos de acceso a sus datos de car\u00e1cter personal, a la rectificaci\u00f3n de los datos inexactos, a la supresi\u00f3n de los datos que ya no sean necesarias o, cuando se d\u00e9 alguno de los otros supuestos del RGPD, a oponerse a su tratamiento por motivos relacionados con su situaci\u00f3n particular, as\u00ed como la limitaci\u00f3n y portabilidad de acuerdo con las condiciones previstas en el RGPD, mediante una comunicaci\u00f3n escrita indicando el motivo de su solicitud, junto con una copia de su DNI, dirigida a:<\/p>\n<p>Club Esportiu Promotor Sports Pol\u00edgono Industrial El Cort\u00e9s, 12 08262 Call\u00fas (Barcelona) o mediante correo electr\u00f3nico: <a href=\"mailto:info@lescomes.com\" target=\"_blank\" rel=\"noopener noreferrer\">info@lescomes.com<\/a>, indicando en el asunto del correo \u201cSolicitud derechos RGPD\u201d.<\/p>\n<p>Adem\u00e1s, en todo momento el usuario tambi\u00e9n tiene el derecho a presentar una reclamaci\u00f3n ante la Agencia Espa\u00f1ola de Protecci\u00f3n de Datos o de la Autoridad de Control competente que corresponda en cada caso.<\/p>\n<p>Fecha de publicaci\u00f3n de la \u00faltima versi\u00f3n de la pol\u00edtica de privacidad: 23\/02\/2023.<\/p>\n","protected":false},"excerpt":{"rendered":"<p>Condiciones legales y de privacidad POLITICA DE PRIVACIDAD DE DATOS De acuerdo con el Reglamento (UE) 2016\/679 del Parlamento Europeo y del Consejo de 27 de abril de 2016, relativo a la protecci\u00f3n de las personas f\u00edsicas en lo que respecta al tratamiento de datos personales y a la libre circulaci\u00f3n de estos datos (en adelante [&hellip;]<\/p>\n","protected":false},"author":5,"featured_media":0,"parent":0,"menu_order":0,"comment_status":"closed","ping_status":"open","template":"","meta":{"_exactmetrics_skip_tracking":false,"_exactmetrics_sitenote_active":false,"_exactmetrics_sitenote_note":"","_exactmetrics_sitenote_category":0},"yoast_head":"<!-- This site is optimized with the Yoast SEO plugin v20.1 - https:\/\/yoast.com\/wordpress\/plugins\/seo\/ -->\n<title>Pol\u00edtica de privacitat - LES COMES BTT<\/title>\n<meta name=\"robots\" content=\"index, follow, max-snippet:-1, max-image-preview:large, max-video-preview:-1\" \/>\n<link rel=\"canonical\" href=\"https:\/\/www.lescomesbtt.com\/index.php\/politica-privacidad\/\" \/>\n<meta property=\"og:locale\" content=\"ca_ES\" \/>\n<meta property=\"og:type\" content=\"article\" \/>\n<meta property=\"og:title\" content=\"Pol\u00edtica de privacitat - LES COMES BTT\" \/>\n<meta property=\"og:description\" content=\"Condiciones legales y de privacidad POLITICA DE PRIVACIDAD DE DATOS De acuerdo con el Reglamento (UE) 2016\/679 del Parlamento Europeo y del Consejo de 27 de abril de 2016, relativo a la protecci\u00f3n de las personas f\u00edsicas en lo que respecta al tratamiento de datos personales y a la libre circulaci\u00f3n de estos datos (en adelante [&hellip;]\" \/>\n<meta property=\"og:url\" content=\"https:\/\/www.lescomesbtt.com\/index.php\/politica-privacidad\/\" \/>\n<meta property=\"og:site_name\" content=\"LES COMES BTT\" \/>\n<meta property=\"article:modified_time\" content=\"2023-02-23T14:25:57+00:00\" \/>\n<meta name=\"twitter:card\" content=\"summary_large_image\" \/>\n<meta name=\"twitter:label1\" content=\"Temps estimat de lectura\" \/>\n\t<meta name=\"twitter:data1\" content=\"7 minuts\" \/>\n<script type=\"application\/ld+json\" class=\"yoast-schema-graph\">{\"@context\":\"https:\/\/schema.org\",\"@graph\":[{\"@type\":\"WebPage\",\"@id\":\"https:\/\/www.lescomesbtt.com\/index.php\/politica-privacidad\/\",\"url\":\"https:\/\/www.lescomesbtt.com\/index.php\/politica-privacidad\/\",\"name\":\"Pol\u00edtica de privacitat - LES COMES BTT\",\"isPartOf\":{\"@id\":\"https:\/\/www.lescomesbtt.com\/#website\"},\"datePublished\":\"2018-06-08T07:30:59+00:00\",\"dateModified\":\"2023-02-23T14:25:57+00:00\",\"breadcrumb\":{\"@id\":\"https:\/\/www.lescomesbtt.com\/index.php\/politica-privacidad\/#breadcrumb\"},\"inLanguage\":\"ca\",\"potentialAction\":[{\"@type\":\"ReadAction\",\"target\":[\"https:\/\/www.lescomesbtt.com\/index.php\/politica-privacidad\/\"]}]},{\"@type\":\"BreadcrumbList\",\"@id\":\"https:\/\/www.lescomesbtt.com\/index.php\/politica-privacidad\/#breadcrumb\",\"itemListElement\":[{\"@type\":\"ListItem\",\"position\":1,\"name\":\"Portada\",\"item\":\"https:\/\/www.lescomesbtt.com\/\"},{\"@type\":\"ListItem\",\"position\":2,\"name\":\"Pol\u00edtica de privacitat\"}]},{\"@type\":\"WebSite\",\"@id\":\"https:\/\/www.lescomesbtt.com\/#website\",\"url\":\"https:\/\/www.lescomesbtt.com\/\",\"name\":\"LES COMES BTT\",\"description\":\"La gran festa del BTT\",\"potentialAction\":[{\"@type\":\"SearchAction\",\"target\":{\"@type\":\"EntryPoint\",\"urlTemplate\":\"https:\/\/www.lescomesbtt.com\/?s={search_term_string}\"},\"query-input\":\"required name=search_term_string\"}],\"inLanguage\":\"ca\"}]}<\/script>\n<!-- \/ Yoast SEO plugin. -->","yoast_head_json":{"title":"Pol\u00edtica de privacitat - LES COMES BTT","robots":{"index":"index","follow":"follow","max-snippet":"max-snippet:-1","max-image-preview":"max-image-preview:large","max-video-preview":"max-video-preview:-1"},"canonical":"https:\/\/www.lescomesbtt.com\/index.php\/politica-privacidad\/","og_locale":"ca_ES","og_type":"article","og_title":"Pol\u00edtica de privacitat - LES COMES BTT","og_description":"Condiciones legales y de privacidad POLITICA DE PRIVACIDAD DE DATOS De acuerdo con el Reglamento (UE) 2016\/679 del Parlamento Europeo y del Consejo de 27 de abril de 2016, relativo a la protecci\u00f3n de las personas f\u00edsicas en lo que respecta al tratamiento de datos personales y a la libre circulaci\u00f3n de estos datos (en adelante [&hellip;]","og_url":"https:\/\/www.lescomesbtt.com\/index.php\/politica-privacidad\/","og_site_name":"LES COMES BTT","article_modified_time":"2023-02-23T14:25:57+00:00","twitter_card":"summary_large_image","twitter_misc":{"Temps estimat de lectura":"7 minuts"},"schema":{"@context":"https:\/\/schema.org","@graph":[{"@type":"WebPage","@id":"https:\/\/www.lescomesbtt.com\/index.php\/politica-privacidad\/","url":"https:\/\/www.lescomesbtt.com\/index.php\/politica-privacidad\/","name":"Pol\u00edtica de privacitat - LES COMES BTT","isPartOf":{"@id":"https:\/\/www.lescomesbtt.com\/#website"},"datePublished":"2018-06-08T07:30:59+00:00","dateModified":"2023-02-23T14:25:57+00:00","breadcrumb":{"@id":"https:\/\/www.lescomesbtt.com\/index.php\/politica-privacidad\/#breadcrumb"},"inLanguage":"ca","potentialAction":[{"@type":"ReadAction","target":["https:\/\/www.lescomesbtt.com\/index.php\/politica-privacidad\/"]}]},{"@type":"BreadcrumbList","@id":"https:\/\/www.lescomesbtt.com\/index.php\/politica-privacidad\/#breadcrumb","itemListElement":[{"@type":"ListItem","position":1,"name":"Portada","item":"https:\/\/www.lescomesbtt.com\/"},{"@type":"ListItem","position":2,"name":"Pol\u00edtica de privacitat"}]},{"@type":"WebSite","@id":"https:\/\/www.lescomesbtt.com\/#website","url":"https:\/\/www.lescomesbtt.com\/","name":"LES COMES BTT","description":"La gran festa del BTT","potentialAction":[{"@type":"SearchAction","target":{"@type":"EntryPoint","urlTemplate":"https:\/\/www.lescomesbtt.com\/?s={search_term_string}"},"query-input":"required name=search_term_string"}],"inLanguage":"ca"}]}},"_links":{"self":[{"href":"https:\/\/www.lescomesbtt.com\/index.php\/wp-json\/wp\/v2\/pages\/3"}],"collection":[{"href":"https:\/\/www.lescomesbtt.com\/index.php\/wp-json\/wp\/v2\/pages"}],"about":[{"href":"https:\/\/www.lescomesbtt.com\/index.php\/wp-json\/wp\/v2\/types\/page"}],"author":[{"embeddable":true,"href":"https:\/\/www.lescomesbtt.com\/index.php\/wp-json\/wp\/v2\/users\/5"}],"replies":[{"embeddable":true,"href":"https:\/\/www.lescomesbtt.com\/index.php\/wp-json\/wp\/v2\/comments?post=3"}],"version-history":[{"count":6,"href":"https:\/\/www.lescomesbtt.com\/index.php\/wp-json\/wp\/v2\/pages\/3\/revisions"}],"predecessor-version":[{"id":16640,"href":"https:\/\/www.lescomesbtt.com\/index.php\/wp-json\/wp\/v2\/pages\/3\/revisions\/16640"}],"wp:attachment":[{"href":"https:\/\/www.lescomesbtt.com\/index.php\/wp-json\/wp\/v2\/media?parent=3"}],"curies":[{"name":"wp","href":"https:\/\/api.w.org\/{rel}","templated":true}]}}