{"id":16866,"date":"2023-03-31T11:58:21","date_gmt":"2023-03-31T11:58:21","guid":{"rendered":"https:\/\/www.lescomesbtt.com\/?page_id=16866"},"modified":"2024-04-03T15:06:24","modified_gmt":"2024-04-03T15:06:24","slug":"zona-de-acampada","status":"publish","type":"page","link":"https:\/\/www.lescomesbtt.com\/index.php\/zona-de-acampada\/?lang=es","title":{"rendered":"ACAMPADA"},"content":{"rendered":"<p><div class=\"fusion-fullwidth fullwidth-box fusion-builder-row-1 fusion-flex-container nonhundred-percent-fullwidth non-hundred-percent-height-scrolling\" style=\"--awb-border-radius-top-left:0px;--awb-border-radius-top-right:0px;--awb-border-radius-bottom-right:0px;--awb-border-radius-bottom-left:0px;\" ><div class=\"fusion-builder-row fusion-row fusion-flex-align-items-flex-start\" style=\"max-width:1144px;margin-left: calc(-4% \/ 2 );margin-right: calc(-4% \/ 2 );\"><div class=\"fusion-layout-column fusion_builder_column fusion-builder-column-0 fusion_builder_column_1_1 1_1 fusion-flex-column\" style=\"--awb-bg-size:cover;--awb-width-large:100%;--awb-margin-top-large:0px;--awb-spacing-right-large:1.92%;--awb-margin-bottom-large:0px;--awb-spacing-left-large:1.92%;--awb-width-medium:100%;--awb-spacing-right-medium:1.92%;--awb-spacing-left-medium:1.92%;--awb-width-small:100%;--awb-spacing-right-small:1.92%;--awb-spacing-left-small:1.92%;\"><div class=\"fusion-column-wrapper fusion-flex-justify-content-flex-start fusion-content-layout-column\"><div class=\"fusion-text fusion-text-1\"><h1 style=\"text-align: center;\">ZONA DE ACAMPADA<\/h1>\n<\/div><div class=\"fusion-text fusion-text-2\"><p style=\"text-align: center; font-size: 18px;\"><strong>HORARIO: Desde el viernes 7 de junio a las 18:00h hasta el domingo 9 a las 19:00h.<\/strong><\/p>\n<\/div><div class=\"fusion-text fusion-text-3\"><p style=\"text-align: center; font-size: 18px;\">Les Comes te ofrecer\u00e1 la posibilidad de poder disfrutar de una amplia zona de acampada, donde la tranquilidad est\u00e1 asegurada. Tambi\u00e9n te facilitamos vestuarios y duchas de agua caliente para que tu estancia sea lo m\u00e1s confortable posible.<\/p>\n<p style=\"text-align: center; font-size: 18px;\"><strong>LA ZONA DE ACAMPADA OFRECER\u00c1 ELECTRICIDAD PARA:<\/strong><\/p>\n<p style=\"text-align: center; font-size: 18px;\"><b style=\"font-size: 18px;\">Recarga de bicicletas | Autocaravanas | Punto de recarga de <\/b><span style=\"font-size: 18px;\"><b>tel\u00e9fonos<\/b><\/span><b style=\"font-size: 18px;\"> <\/b><span style=\"font-size: 18px;\"><b>m\u00f3viles<\/b><\/span><\/p>\n<p style=\"text-align: center; font-size: 18px;\"><em>*L\u2019electricitat\u00a0s\u2019habilitar\u00e0 de\u00a0divendres a les 21:00h fins el diumenge a les 10:00h.<br \/>\n*A m\u00e9s,\u00a0 es permet l\u2019\u00fas de generadors fins a les 22:00h.<\/em><\/p>\n<\/div><\/div><\/div><\/div><\/div><div class=\"fusion-fullwidth fullwidth-box fusion-builder-row-2 fusion-flex-container has-pattern-background has-mask-background nonhundred-percent-fullwidth non-hundred-percent-height-scrolling\" style=\"--awb-border-radius-top-left:0px;--awb-border-radius-top-right:0px;--awb-border-radius-bottom-right:0px;--awb-border-radius-bottom-left:0px;\" ><div class=\"fusion-builder-row fusion-row fusion-flex-align-items-flex-start\" style=\"max-width:1144px;margin-left: calc(-4% \/ 2 );margin-right: calc(-4% \/ 2 );\"><div class=\"fusion-layout-column fusion_builder_column fusion-builder-column-1 fusion_builder_column_1_1 1_1 fusion-flex-column\" style=\"--awb-bg-size:cover;--awb-width-large:100%;--awb-margin-top-large:0px;--awb-spacing-right-large:1.92%;--awb-margin-bottom-large:20px;--awb-spacing-left-large:1.92%;--awb-width-medium:100%;--awb-order-medium:0;--awb-spacing-right-medium:1.92%;--awb-spacing-left-medium:1.92%;--awb-width-small:100%;--awb-order-small:0;--awb-spacing-right-small:1.92%;--awb-spacing-left-small:1.92%;\"><div class=\"fusion-column-wrapper fusion-column-has-shadow fusion-flex-justify-content-flex-start fusion-content-layout-column\"><div class=\"fusion-text fusion-text-4\"><p><img decoding=\"async\" class=\"aligncenter size-full wp-image-17431\" src=\"https:\/\/www.lescomesbtt.com\/wp-content\/uploads\/2023\/05\/MAPA-LES-COMES-BTT-ESP-BAIXA.jpg\" alt=\"\" width=\"100%\" srcset=\"https:\/\/www.lescomesbtt.com\/wp-content\/uploads\/2023\/05\/MAPA-LES-COMES-BTT-ESP-BAIXA-200x145.jpg 200w, https:\/\/www.lescomesbtt.com\/wp-content\/uploads\/2023\/05\/MAPA-LES-COMES-BTT-ESP-BAIXA-300x218.jpg 300w, https:\/\/www.lescomesbtt.com\/wp-content\/uploads\/2023\/05\/MAPA-LES-COMES-BTT-ESP-BAIXA-400x290.jpg 400w, https:\/\/www.lescomesbtt.com\/wp-content\/uploads\/2023\/05\/MAPA-LES-COMES-BTT-ESP-BAIXA-600x435.jpg 600w, https:\/\/www.lescomesbtt.com\/wp-content\/uploads\/2023\/05\/MAPA-LES-COMES-BTT-ESP-BAIXA-768x557.jpg 768w, https:\/\/www.lescomesbtt.com\/wp-content\/uploads\/2023\/05\/MAPA-LES-COMES-BTT-ESP-BAIXA-800x580.jpg 800w, https:\/\/www.lescomesbtt.com\/wp-content\/uploads\/2023\/05\/MAPA-LES-COMES-BTT-ESP-BAIXA-1024x742.jpg 1024w, https:\/\/www.lescomesbtt.com\/wp-content\/uploads\/2023\/05\/MAPA-LES-COMES-BTT-ESP-BAIXA-1200x870.jpg 1200w, https:\/\/www.lescomesbtt.com\/wp-content\/uploads\/2023\/05\/MAPA-LES-COMES-BTT-ESP-BAIXA-1536x1114.jpg 1536w, https:\/\/www.lescomesbtt.com\/wp-content\/uploads\/2023\/05\/MAPA-LES-COMES-BTT-ESP-BAIXA.jpg 1920w\" sizes=\"(max-width: 1920px) 100vw, 1920px\" \/><\/p>\n<\/div><\/div><\/div><\/div><\/div><div class=\"fusion-fullwidth fullwidth-box fusion-builder-row-3 fusion-flex-container has-pattern-background has-mask-background nonhundred-percent-fullwidth non-hundred-percent-height-scrolling\" style=\"--awb-border-radius-top-left:0px;--awb-border-radius-top-right:0px;--awb-border-radius-bottom-right:0px;--awb-border-radius-bottom-left:0px;--awb-margin-top:3%;\" ><div class=\"fusion-builder-row fusion-row fusion-flex-align-items-flex-start\" style=\"max-width:1144px;margin-left: calc(-4% \/ 2 );margin-right: calc(-4% \/ 2 );\"><div class=\"fusion-layout-column fusion_builder_column fusion-builder-column-2 fusion_builder_column_1_2 1_2 fusion-flex-column\" style=\"--awb-padding-right:3%;--awb-padding-left:3%;--awb-bg-size:cover;--awb-width-large:50%;--awb-margin-top-large:0px;--awb-spacing-right-large:3.84%;--awb-margin-bottom-large:20px;--awb-spacing-left-large:3.84%;--awb-width-medium:100%;--awb-order-medium:0;--awb-spacing-right-medium:1.92%;--awb-spacing-left-medium:1.92%;--awb-width-small:100%;--awb-order-small:0;--awb-spacing-right-small:1.92%;--awb-spacing-left-small:1.92%;\"><div class=\"fusion-column-wrapper fusion-column-has-shadow fusion-flex-justify-content-flex-start fusion-content-layout-column\"><div class=\"fusion-text fusion-text-5\"><p><img decoding=\"async\" class=\"aligncenter size-full wp-image-16858\" src=\"https:\/\/www.lescomesbtt.com\/wp-content\/uploads\/2023\/03\/acampada.jpg\" alt=\"\" width=\"90%\" srcset=\"https:\/\/www.lescomesbtt.com\/wp-content\/uploads\/2023\/03\/acampada-200x111.jpg 200w, https:\/\/www.lescomesbtt.com\/wp-content\/uploads\/2023\/03\/acampada-300x167.jpg 300w, https:\/\/www.lescomesbtt.com\/wp-content\/uploads\/2023\/03\/acampada-400x222.jpg 400w, https:\/\/www.lescomesbtt.com\/wp-content\/uploads\/2023\/03\/acampada.jpg 450w\" sizes=\"(max-width: 450px) 100vw, 450px\" \/><\/p>\n<\/div><\/div><\/div><div class=\"fusion-layout-column fusion_builder_column fusion-builder-column-3 fusion_builder_column_1_2 1_2 fusion-flex-column\" style=\"--awb-padding-right:3%;--awb-padding-left:3%;--awb-bg-size:cover;--awb-width-large:50%;--awb-margin-top-large:0px;--awb-spacing-right-large:3.84%;--awb-margin-bottom-large:20px;--awb-spacing-left-large:3.84%;--awb-width-medium:100%;--awb-order-medium:0;--awb-spacing-right-medium:1.92%;--awb-spacing-left-medium:1.92%;--awb-width-small:100%;--awb-order-small:0;--awb-spacing-right-small:1.92%;--awb-spacing-left-small:1.92%;\"><div class=\"fusion-column-wrapper fusion-column-has-shadow fusion-flex-justify-content-flex-start fusion-content-layout-column\"><div class=\"fusion-text fusion-text-6\"><p><img decoding=\"async\" class=\"aligncenter size-full wp-image-16860\" src=\"https:\/\/www.lescomesbtt.com\/wp-content\/uploads\/2023\/03\/acampada-2.jpg\" alt=\"\" width=\"90%\" srcset=\"https:\/\/www.lescomesbtt.com\/wp-content\/uploads\/2023\/03\/acampada-2-200x111.jpg 200w, https:\/\/www.lescomesbtt.com\/wp-content\/uploads\/2023\/03\/acampada-2-300x167.jpg 300w, https:\/\/www.lescomesbtt.com\/wp-content\/uploads\/2023\/03\/acampada-2-400x222.jpg 400w, https:\/\/www.lescomesbtt.com\/wp-content\/uploads\/2023\/03\/acampada-2.jpg 450w\" sizes=\"(max-width: 450px) 100vw, 450px\" \/><\/p>\n<\/div><\/div><\/div><\/div><\/div><\/p>\n","protected":false},"excerpt":{"rendered":"","protected":false},"author":2,"featured_media":0,"parent":0,"menu_order":0,"comment_status":"closed","ping_status":"closed","template":"","meta":{"_exactmetrics_skip_tracking":false,"_exactmetrics_sitenote_active":false,"_exactmetrics_sitenote_note":"","_exactmetrics_sitenote_category":0},"yoast_head":"<!-- This site is optimized with the Yoast SEO plugin v20.1 - https:\/\/yoast.com\/wordpress\/plugins\/seo\/ -->\n<title>ACAMPADA - LES COMES BTT<\/title>\n<meta name=\"robots\" content=\"index, follow, max-snippet:-1, max-image-preview:large, max-video-preview:-1\" \/>\n<link rel=\"canonical\" href=\"https:\/\/www.lescomesbtt.com\/index.php\/zona-de-acampada\/?lang=es\" \/>\n<meta property=\"og:locale\" content=\"ca_ES\" \/>\n<meta property=\"og:type\" content=\"article\" \/>\n<meta property=\"og:title\" content=\"ACAMPADA - LES COMES BTT\" \/>\n<meta property=\"og:url\" content=\"https:\/\/www.lescomesbtt.com\/index.php\/zona-de-acampada\/?lang=es\" \/>\n<meta property=\"og:site_name\" content=\"LES COMES BTT\" \/>\n<meta property=\"article:modified_time\" content=\"2024-04-03T15:06:24+00:00\" \/>\n<meta property=\"og:image\" content=\"https:\/\/www.lescomesbtt.com\/wp-content\/uploads\/2023\/05\/MAPA-LES-COMES-BTT-ESP-BAIXA.jpg\" \/>\n<meta name=\"twitter:card\" content=\"summary_large_image\" \/>\n<meta name=\"twitter:label1\" content=\"Temps estimat de lectura\" \/>\n\t<meta name=\"twitter:data1\" content=\"7 minuts\" \/>\n<script type=\"application\/ld+json\" class=\"yoast-schema-graph\">{\"@context\":\"https:\/\/schema.org\",\"@graph\":[{\"@type\":\"WebPage\",\"@id\":\"https:\/\/www.lescomesbtt.com\/index.php\/zona-de-acampada\/?lang=es\",\"url\":\"https:\/\/www.lescomesbtt.com\/index.php\/zona-de-acampada\/?lang=es\",\"name\":\"ACAMPADA - LES COMES BTT\",\"isPartOf\":{\"@id\":\"https:\/\/www.lescomesbtt.com\/#website\"},\"datePublished\":\"2023-03-31T11:58:21+00:00\",\"dateModified\":\"2024-04-03T15:06:24+00:00\",\"breadcrumb\":{\"@id\":\"https:\/\/www.lescomesbtt.com\/index.php\/zona-de-acampada\/?lang=es#breadcrumb\"},\"inLanguage\":\"ca\",\"potentialAction\":[{\"@type\":\"ReadAction\",\"target\":[\"https:\/\/www.lescomesbtt.com\/index.php\/zona-de-acampada\/?lang=es\"]}]},{\"@type\":\"BreadcrumbList\",\"@id\":\"https:\/\/www.lescomesbtt.com\/index.php\/zona-de-acampada\/?lang=es#breadcrumb\",\"itemListElement\":[{\"@type\":\"ListItem\",\"position\":1,\"name\":\"Portada\",\"item\":\"https:\/\/www.lescomesbtt.com\/\"},{\"@type\":\"ListItem\",\"position\":2,\"name\":\"ACAMPADA\"}]},{\"@type\":\"WebSite\",\"@id\":\"https:\/\/www.lescomesbtt.com\/#website\",\"url\":\"https:\/\/www.lescomesbtt.com\/\",\"name\":\"LES COMES BTT\",\"description\":\"La gran festa del BTT\",\"potentialAction\":[{\"@type\":\"SearchAction\",\"target\":{\"@type\":\"EntryPoint\",\"urlTemplate\":\"https:\/\/www.lescomesbtt.com\/?s={search_term_string}\"},\"query-input\":\"required name=search_term_string\"}],\"inLanguage\":\"ca\"}]}<\/script>\n<!-- \/ Yoast SEO plugin. -->","yoast_head_json":{"title":"ACAMPADA - LES COMES BTT","robots":{"index":"index","follow":"follow","max-snippet":"max-snippet:-1","max-image-preview":"max-image-preview:large","max-video-preview":"max-video-preview:-1"},"canonical":"https:\/\/www.lescomesbtt.com\/index.php\/zona-de-acampada\/?lang=es","og_locale":"ca_ES","og_type":"article","og_title":"ACAMPADA - LES COMES BTT","og_url":"https:\/\/www.lescomesbtt.com\/index.php\/zona-de-acampada\/?lang=es","og_site_name":"LES COMES BTT","article_modified_time":"2024-04-03T15:06:24+00:00","og_image":[{"url":"https:\/\/www.lescomesbtt.com\/wp-content\/uploads\/2023\/05\/MAPA-LES-COMES-BTT-ESP-BAIXA.jpg"}],"twitter_card":"summary_large_image","twitter_misc":{"Temps estimat de lectura":"7 minuts"},"schema":{"@context":"https:\/\/schema.org","@graph":[{"@type":"WebPage","@id":"https:\/\/www.lescomesbtt.com\/index.php\/zona-de-acampada\/?lang=es","url":"https:\/\/www.lescomesbtt.com\/index.php\/zona-de-acampada\/?lang=es","name":"ACAMPADA - LES COMES BTT","isPartOf":{"@id":"https:\/\/www.lescomesbtt.com\/#website"},"datePublished":"2023-03-31T11:58:21+00:00","dateModified":"2024-04-03T15:06:24+00:00","breadcrumb":{"@id":"https:\/\/www.lescomesbtt.com\/index.php\/zona-de-acampada\/?lang=es#breadcrumb"},"inLanguage":"ca","potentialAction":[{"@type":"ReadAction","target":["https:\/\/www.lescomesbtt.com\/index.php\/zona-de-acampada\/?lang=es"]}]},{"@type":"BreadcrumbList","@id":"https:\/\/www.lescomesbtt.com\/index.php\/zona-de-acampada\/?lang=es#breadcrumb","itemListElement":[{"@type":"ListItem","position":1,"name":"Portada","item":"https:\/\/www.lescomesbtt.com\/"},{"@type":"ListItem","position":2,"name":"ACAMPADA"}]},{"@type":"WebSite","@id":"https:\/\/www.lescomesbtt.com\/#website","url":"https:\/\/www.lescomesbtt.com\/","name":"LES COMES BTT","description":"La gran festa del BTT","potentialAction":[{"@type":"SearchAction","target":{"@type":"EntryPoint","urlTemplate":"https:\/\/www.lescomesbtt.com\/?s={search_term_string}"},"query-input":"required name=search_term_string"}],"inLanguage":"ca"}]}},"_links":{"self":[{"href":"https:\/\/www.lescomesbtt.com\/index.php\/wp-json\/wp\/v2\/pages\/16866"}],"collection":[{"href":"https:\/\/www.lescomesbtt.com\/index.php\/wp-json\/wp\/v2\/pages"}],"about":[{"href":"https:\/\/www.lescomesbtt.com\/index.php\/wp-json\/wp\/v2\/types\/page"}],"author":[{"embeddable":true,"href":"https:\/\/www.lescomesbtt.com\/index.php\/wp-json\/wp\/v2\/users\/2"}],"replies":[{"embeddable":true,"href":"https:\/\/www.lescomesbtt.com\/index.php\/wp-json\/wp\/v2\/comments?post=16866"}],"version-history":[{"count":7,"href":"https:\/\/www.lescomesbtt.com\/index.php\/wp-json\/wp\/v2\/pages\/16866\/revisions"}],"predecessor-version":[{"id":17658,"href":"https:\/\/www.lescomesbtt.com\/index.php\/wp-json\/wp\/v2\/pages\/16866\/revisions\/17658"}],"wp:attachment":[{"href":"https:\/\/www.lescomesbtt.com\/index.php\/wp-json\/wp\/v2\/media?parent=16866"}],"curies":[{"name":"wp","href":"https:\/\/api.w.org\/{rel}","templated":true}]}}