{"id":16779,"date":"2023-03-21T12:39:18","date_gmt":"2023-03-21T12:39:18","guid":{"rendered":"https:\/\/www.lescomesbtt.com\/?page_id=16779"},"modified":"2023-04-05T11:53:34","modified_gmt":"2023-04-05T11:53:34","slug":"com-arribar","status":"publish","type":"page","link":"https:\/\/www.lescomesbtt.com\/index.php\/com-arribar\/?lang=es","title":{"rendered":"COM ARRIBAR"},"content":{"rendered":"<div class=\"fusion-fullwidth fullwidth-box fusion-builder-row-1 fusion-flex-container has-pattern-background has-mask-background nonhundred-percent-fullwidth non-hundred-percent-height-scrolling\" style=\"--awb-border-radius-top-left:0px;--awb-border-radius-top-right:0px;--awb-border-radius-bottom-right:0px;--awb-border-radius-bottom-left:0px;\" ><div class=\"fusion-builder-row fusion-row fusion-flex-align-items-flex-start\" style=\"max-width:1144px;margin-left: calc(-4% \/ 2 );margin-right: calc(-4% \/ 2 );\"><div class=\"fusion-layout-column fusion_builder_column fusion-builder-column-0 fusion_builder_column_1_1 1_1 fusion-flex-column\" style=\"--awb-bg-size:cover;--awb-width-large:100%;--awb-margin-top-large:0px;--awb-spacing-right-large:1.92%;--awb-margin-bottom-large:20px;--awb-spacing-left-large:1.92%;--awb-width-medium:100%;--awb-order-medium:0;--awb-spacing-right-medium:1.92%;--awb-spacing-left-medium:1.92%;--awb-width-small:100%;--awb-order-small:0;--awb-spacing-right-small:1.92%;--awb-spacing-left-small:1.92%;\"><div class=\"fusion-column-wrapper fusion-column-has-shadow fusion-flex-justify-content-flex-start fusion-content-layout-column\"><div class=\"fusion-text fusion-text-1\"><h1 style=\"text-align: center;\">COM ARRIBAR A LES COMES<\/h1>\n<\/div><div class=\"fusion-text fusion-text-2\"><p><iframe style=\"border: 0;\" src=\"https:\/\/www.google.com\/maps\/embed?pb=!1m14!1m12!1m3!1d3367.6098973661333!2d1.7769193623653612!3d41.817901488506315!2m3!1f0!2f0!3f0!3m2!1i1024!2i768!4f13.1!5e1!3m2!1ses!2ses!4v1680693651881!5m2!1ses!2ses\" width=\"100%\" allowfullscreen=\"allowfullscreen\"><\/iframe><\/p>\n<\/div><div class=\"fusion-text fusion-text-3\"><div class=\"fusion-text\">\n<h2 class=\"widget-title\" style=\"text-align: center;\" data-fontsize=\"33\" data-lineheight=\"47.85px\">Les Comes de Sererols<\/h2>\n<div class=\"textwidget\" style=\"text-align: center;\">\n<p><strong><em>Direcci\u00f3:<\/em><\/strong><br \/>\nC-55 P.K.: 43,5<br \/>\n08260 S\u00faria<br \/>\n(Barcelona) Spain<\/p>\n<p><b>Despr\u00e9s del pol\u00edgon industrial El Cort\u00e8s, a 50 metres a la dreta, trobareu una sortida que indica &#8220;Les Comes 3&#8221;. Seguir l&#8217;asfalt 3 km fins arribar al aparcament de la masia de Les Comes.<\/b><\/p>\n<\/div>\n<\/div>\n<\/div><\/div><\/div><\/div><\/div>\n","protected":false},"excerpt":{"rendered":"","protected":false},"author":2,"featured_media":0,"parent":0,"menu_order":0,"comment_status":"closed","ping_status":"closed","template":"","meta":{"_exactmetrics_skip_tracking":false,"_exactmetrics_sitenote_active":false,"_exactmetrics_sitenote_note":"","_exactmetrics_sitenote_category":0},"yoast_head":"<!-- This site is optimized with the Yoast SEO plugin v20.1 - https:\/\/yoast.com\/wordpress\/plugins\/seo\/ -->\n<title>COM ARRIBAR - LES COMES BTT<\/title>\n<meta name=\"robots\" content=\"index, follow, max-snippet:-1, max-image-preview:large, max-video-preview:-1\" \/>\n<link rel=\"canonical\" href=\"https:\/\/www.lescomesbtt.com\/index.php\/com-arribar\/?lang=es\" \/>\n<meta property=\"og:locale\" content=\"ca_ES\" \/>\n<meta property=\"og:type\" content=\"article\" \/>\n<meta property=\"og:title\" content=\"COM ARRIBAR - LES COMES BTT\" \/>\n<meta property=\"og:url\" content=\"https:\/\/www.lescomesbtt.com\/index.php\/com-arribar\/?lang=es\" \/>\n<meta property=\"og:site_name\" content=\"LES COMES BTT\" \/>\n<meta property=\"article:modified_time\" content=\"2023-04-05T11:53:34+00:00\" \/>\n<meta name=\"twitter:card\" content=\"summary_large_image\" \/>\n<meta name=\"twitter:label1\" content=\"Temps estimat de lectura\" \/>\n\t<meta name=\"twitter:data1\" content=\"3 minuts\" \/>\n<script type=\"application\/ld+json\" class=\"yoast-schema-graph\">{\"@context\":\"https:\/\/schema.org\",\"@graph\":[{\"@type\":\"WebPage\",\"@id\":\"https:\/\/www.lescomesbtt.com\/index.php\/com-arribar\/?lang=es\",\"url\":\"https:\/\/www.lescomesbtt.com\/index.php\/com-arribar\/?lang=es\",\"name\":\"COM ARRIBAR - LES COMES BTT\",\"isPartOf\":{\"@id\":\"https:\/\/www.lescomesbtt.com\/#website\"},\"datePublished\":\"2023-03-21T12:39:18+00:00\",\"dateModified\":\"2023-04-05T11:53:34+00:00\",\"breadcrumb\":{\"@id\":\"https:\/\/www.lescomesbtt.com\/index.php\/com-arribar\/?lang=es#breadcrumb\"},\"inLanguage\":\"ca\",\"potentialAction\":[{\"@type\":\"ReadAction\",\"target\":[\"https:\/\/www.lescomesbtt.com\/index.php\/com-arribar\/?lang=es\"]}]},{\"@type\":\"BreadcrumbList\",\"@id\":\"https:\/\/www.lescomesbtt.com\/index.php\/com-arribar\/?lang=es#breadcrumb\",\"itemListElement\":[{\"@type\":\"ListItem\",\"position\":1,\"name\":\"Portada\",\"item\":\"https:\/\/www.lescomesbtt.com\/\"},{\"@type\":\"ListItem\",\"position\":2,\"name\":\"COM ARRIBAR\"}]},{\"@type\":\"WebSite\",\"@id\":\"https:\/\/www.lescomesbtt.com\/#website\",\"url\":\"https:\/\/www.lescomesbtt.com\/\",\"name\":\"LES COMES BTT\",\"description\":\"La gran festa del BTT\",\"potentialAction\":[{\"@type\":\"SearchAction\",\"target\":{\"@type\":\"EntryPoint\",\"urlTemplate\":\"https:\/\/www.lescomesbtt.com\/?s={search_term_string}\"},\"query-input\":\"required name=search_term_string\"}],\"inLanguage\":\"ca\"}]}<\/script>\n<!-- \/ Yoast SEO plugin. -->","yoast_head_json":{"title":"COM ARRIBAR - LES COMES BTT","robots":{"index":"index","follow":"follow","max-snippet":"max-snippet:-1","max-image-preview":"max-image-preview:large","max-video-preview":"max-video-preview:-1"},"canonical":"https:\/\/www.lescomesbtt.com\/index.php\/com-arribar\/?lang=es","og_locale":"ca_ES","og_type":"article","og_title":"COM ARRIBAR - LES COMES BTT","og_url":"https:\/\/www.lescomesbtt.com\/index.php\/com-arribar\/?lang=es","og_site_name":"LES COMES BTT","article_modified_time":"2023-04-05T11:53:34+00:00","twitter_card":"summary_large_image","twitter_misc":{"Temps estimat de lectura":"3 minuts"},"schema":{"@context":"https:\/\/schema.org","@graph":[{"@type":"WebPage","@id":"https:\/\/www.lescomesbtt.com\/index.php\/com-arribar\/?lang=es","url":"https:\/\/www.lescomesbtt.com\/index.php\/com-arribar\/?lang=es","name":"COM ARRIBAR - LES COMES BTT","isPartOf":{"@id":"https:\/\/www.lescomesbtt.com\/#website"},"datePublished":"2023-03-21T12:39:18+00:00","dateModified":"2023-04-05T11:53:34+00:00","breadcrumb":{"@id":"https:\/\/www.lescomesbtt.com\/index.php\/com-arribar\/?lang=es#breadcrumb"},"inLanguage":"ca","potentialAction":[{"@type":"ReadAction","target":["https:\/\/www.lescomesbtt.com\/index.php\/com-arribar\/?lang=es"]}]},{"@type":"BreadcrumbList","@id":"https:\/\/www.lescomesbtt.com\/index.php\/com-arribar\/?lang=es#breadcrumb","itemListElement":[{"@type":"ListItem","position":1,"name":"Portada","item":"https:\/\/www.lescomesbtt.com\/"},{"@type":"ListItem","position":2,"name":"COM ARRIBAR"}]},{"@type":"WebSite","@id":"https:\/\/www.lescomesbtt.com\/#website","url":"https:\/\/www.lescomesbtt.com\/","name":"LES COMES BTT","description":"La gran festa del BTT","potentialAction":[{"@type":"SearchAction","target":{"@type":"EntryPoint","urlTemplate":"https:\/\/www.lescomesbtt.com\/?s={search_term_string}"},"query-input":"required name=search_term_string"}],"inLanguage":"ca"}]}},"_links":{"self":[{"href":"https:\/\/www.lescomesbtt.com\/index.php\/wp-json\/wp\/v2\/pages\/16779"}],"collection":[{"href":"https:\/\/www.lescomesbtt.com\/index.php\/wp-json\/wp\/v2\/pages"}],"about":[{"href":"https:\/\/www.lescomesbtt.com\/index.php\/wp-json\/wp\/v2\/types\/page"}],"author":[{"embeddable":true,"href":"https:\/\/www.lescomesbtt.com\/index.php\/wp-json\/wp\/v2\/users\/2"}],"replies":[{"embeddable":true,"href":"https:\/\/www.lescomesbtt.com\/index.php\/wp-json\/wp\/v2\/comments?post=16779"}],"version-history":[{"count":6,"href":"https:\/\/www.lescomesbtt.com\/index.php\/wp-json\/wp\/v2\/pages\/16779\/revisions"}],"predecessor-version":[{"id":17232,"href":"https:\/\/www.lescomesbtt.com\/index.php\/wp-json\/wp\/v2\/pages\/16779\/revisions\/17232"}],"wp:attachment":[{"href":"https:\/\/www.lescomesbtt.com\/index.php\/wp-json\/wp\/v2\/media?parent=16779"}],"curies":[{"name":"wp","href":"https:\/\/api.w.org\/{rel}","templated":true}]}}