{"id":12738,"date":"2018-06-15T08:14:45","date_gmt":"2018-06-15T08:14:45","guid":{"rendered":"https:\/\/www.lescomesbtt.com\/index.php\/visitants-les-comes\/"},"modified":"2021-12-08T08:08:41","modified_gmt":"2021-12-08T08:08:41","slug":"visitants-les-comes","status":"publish","type":"page","link":"https:\/\/www.lescomesbtt.com\/index.php\/visitants-les-comes\/?lang=es","title":{"rendered":"Visitantes Les Comes"},"content":{"rendered":"<p><div class=\"fusion-bg-parallax\" data-bg-align=\"left top\" data-direction=\"up\" data-mute=\"false\" data-opacity=\"100\" data-velocity=\"-0.3\" data-mobile-enabled=\"false\" data-break_parents=\"0\" data-bg-image=\"https:\/\/www.lescomesbtt.com\/wp-content\/uploads\/2018\/06\/visitants_4.jpg\" data-bg-repeat=\"true\" data-bg-color=\"#313437\" ><\/div><div class=\"fusion-fullwidth fullwidth-box fusion-builder-row-1 fusion-parallax-up nonhundred-percent-fullwidth non-hundred-percent-height-scrolling\" style=\"--awb-background-position:left top;--awb-background-repeat:repeat-x;--awb-border-sizes-top:0px;--awb-border-sizes-bottom:0px;--awb-border-sizes-left:0px;--awb-border-sizes-right:0px;--awb-border-color:#e5e5e5;--awb-border-radius-top-left:0px;--awb-border-radius-top-right:0px;--awb-border-radius-bottom-right:0px;--awb-border-radius-bottom-left:0px;--awb-padding-top:0px;--awb-padding-bottom:0px;--awb-background-color:#313437;--awb-background-image:url(&quot;https:\/\/www.lescomesbtt.com\/wp-content\/uploads\/2018\/06\/visitants_4.jpg&quot;);\" ><div class=\"fusion-builder-row fusion-row\"><div class=\"fusion-layout-column fusion_builder_column fusion-builder-column-0 fusion_builder_column_1_1 1_1 fusion-one-full fusion-column-first fusion-column-last fusion-column-no-min-height\" style=\"--awb-bg-size:cover;--awb-margin-bottom:0px;\"><div class=\"fusion-column-wrapper fusion-flex-column-wrapper-legacy\"><div class=\"fusion-text fusion-text-1\"><h1 style=\"text-align: center; font-size: 65px; line-height: 100px; margin-bottom: 10px;\"><span style=\"color: #ffffff;\">INFORMACI\u00d3N VISITANTES<\/span><\/h1>\n<\/div><div class=\"fusion-sep-clear\"><\/div><div class=\"fusion-separator\" style=\"margin-left: auto;margin-right: auto;margin-top:2px;margin-bottom:2px;width:100%;max-width:300px;\"><\/div><div class=\"fusion-sep-clear\"><\/div><div class=\"fusion-sep-clear\"><\/div><div class=\"fusion-separator\" style=\"margin-left: auto;margin-right: auto;margin-top:25px;margin-bottom:30px;width:100%;max-width:300px;\"><\/div><div class=\"fusion-sep-clear\"><\/div><div class=\"fusion-clearfix\"><\/div><\/div><\/div><\/div><\/div><div class=\"fusion-fullwidth fullwidth-box fusion-builder-row-2 hundred-percent-fullwidth non-hundred-percent-height-scrolling\" style=\"--awb-border-radius-top-left:0px;--awb-border-radius-top-right:0px;--awb-border-radius-bottom-right:0px;--awb-border-radius-bottom-left:0px;--awb-overflow:visible;\" ><div class=\"fusion-builder-row fusion-row\"><div class=\"fusion-layout-column fusion_builder_column fusion-builder-column-1 fusion_builder_column_1_1 1_1 fusion-one-full fusion-column-first fusion-column-last fusion-column-no-min-height\" style=\"--awb-bg-size:cover;--awb-margin-bottom:0px;\"><div class=\"fusion-column-wrapper fusion-flex-column-wrapper-legacy\"><div class=\"fusion-sep-clear\"><\/div><div class=\"fusion-separator fusion-full-width-sep\" style=\"margin-left: auto;margin-right: auto;margin-top:25px;width:100%;\"><\/div><div class=\"fusion-sep-clear\"><\/div><div class=\"fusion-clearfix\"><\/div><\/div><\/div><div class=\"fusion-layout-column fusion_builder_column fusion-builder-column-2 fusion_builder_column_3_5 3_5 fusion-three-fifth fusion-column-first\" style=\"--awb-bg-blend:overlay;--awb-bg-size:cover;width:60%;width:calc(60% - ( ( 4% ) * 0.6 ) );margin-right: 4%;\"><div class=\"fusion-column-wrapper fusion-flex-column-wrapper-legacy\"><div class=\"fusion-title title fusion-title-1 fusion-title-text fusion-title-size-two\"><h2 class=\"title-heading-left fusion-responsive-typography-calculated\" style=\"margin:0;--fontSize:18;--minFontSize:18;line-height:1.5;\"><h3>Les Comes<\/h3><\/h2><span class=\"awb-title-spacer\"><\/span><div class=\"title-sep-container\"><div class=\"title-sep sep-double sep-solid\" style=\"border-color:#e0dede;\"><\/div><\/div><\/div><div class=\"fusion-text fusion-text-2\"><p>Les Comes es una finca catalana del siglo X con 70km de pistas y m\u00e1s de 550 hect\u00e1reas de terreno, situada entre las poblaciones de S\u00faria y Call\u00fas.<\/p>\n<\/div><ul style=\"--awb-size:13px;--awb-line-height:22.1px;--awb-icon-width:22.1px;--awb-icon-height:22.1px;--awb-icon-margin:9.1px;--awb-content-margin:31.2px;--awb-circlecolor:#a0ce4e;--awb-circle-yes-font-size:11.44px;\" class=\"fusion-checklist fusion-checklist-1 fusion-checklist-default type-icons\"><li class=\"fusion-li-item\" style=\"\"><span class=\"icon-wrapper circle-yes\"><i class=\"fusion-li-icon fa-check fas\" aria-hidden=\"true\"><\/i><\/span><div class=\"fusion-li-item-content\">Punto de informaci\u00f3n<\/div><\/li><li class=\"fusion-li-item\" style=\"\"><span class=\"icon-wrapper circle-yes\"><i class=\"fusion-li-icon fa-check fas\" aria-hidden=\"true\"><\/i><\/span><div class=\"fusion-li-item-content\">Gran carpa Restaurante<\/div><\/li><li class=\"fusion-li-item\" style=\"\"><span class=\"icon-wrapper circle-yes\"><i class=\"fusion-li-icon fa-check fas\" aria-hidden=\"true\"><\/i><\/span><div class=\"fusion-li-item-content\">Servicio de Bar<\/div><\/li><li class=\"fusion-li-item\" style=\"\"><span class=\"icon-wrapper circle-yes\"><i class=\"fusion-li-icon fa-check fas\" aria-hidden=\"true\"><\/i><\/span><div class=\"fusion-li-item-content\">Aparcamiento Gratuito<\/div><\/li><li class=\"fusion-li-item\" style=\"\"><span class=\"icon-wrapper circle-yes\"><i class=\"fusion-li-icon fa-check fas\" aria-hidden=\"true\"><\/i><\/span><div class=\"fusion-li-item-content\">\n<p>Lavabos<\/p>\n<\/div><\/li><li class=\"fusion-li-item\" style=\"\"><span class=\"icon-wrapper circle-yes\"><i class=\"fusion-li-icon fa-check fas\" aria-hidden=\"true\"><\/i><\/span><div class=\"fusion-li-item-content\">Servicio m\u00e9dico<\/div><\/li><\/ul><div class=\"fusion-clearfix\"><\/div><\/div><\/div><div class=\"fusion-layout-column fusion_builder_column fusion-builder-column-3 fusion_builder_column_2_5 2_5 fusion-two-fifth fusion-column-last\" style=\"--awb-bg-blend:overlay;--awb-bg-size:cover;width:40%;width:calc(40% - ( ( 4% ) * 0.4 ) );\"><div class=\"fusion-column-wrapper fusion-flex-column-wrapper-legacy\"><div class=\"fusion-image-element in-legacy-container\" style=\"--awb-caption-title-size:var(--h2_typography-font-size);--awb-caption-title-transform:var(--h2_typography-text-transform);--awb-caption-title-line-height:var(--h2_typography-line-height);--awb-caption-title-letter-spacing:var(--h2_typography-letter-spacing);\"><span class=\" fusion-imageframe imageframe-none imageframe-1 hover-type-none\"><img decoding=\"async\" width=\"1006\" height=\"700\" title=\"les_comes_de_sererols\" src=\"https:\/\/www.lescomesbtt.com\/wp-content\/uploads\/2018\/06\/les_comes_de_sererols.jpg\" alt class=\"img-responsive wp-image-12511\" srcset=\"https:\/\/www.lescomesbtt.com\/wp-content\/uploads\/2018\/06\/les_comes_de_sererols-200x139.jpg 200w, https:\/\/www.lescomesbtt.com\/wp-content\/uploads\/2018\/06\/les_comes_de_sererols-400x278.jpg 400w, https:\/\/www.lescomesbtt.com\/wp-content\/uploads\/2018\/06\/les_comes_de_sererols-600x417.jpg 600w, https:\/\/www.lescomesbtt.com\/wp-content\/uploads\/2018\/06\/les_comes_de_sererols-800x557.jpg 800w, https:\/\/www.lescomesbtt.com\/wp-content\/uploads\/2018\/06\/les_comes_de_sererols.jpg 1006w\" sizes=\"(max-width: 800px) 100vw, 600px\" \/><\/span><\/div><div class=\"fusion-clearfix\"><\/div><\/div><\/div><div class=\"fusion-layout-column fusion_builder_column fusion-builder-column-4 fusion_builder_column_1_1 1_1 fusion-one-full fusion-column-first fusion-column-last fusion-column-no-min-height\" style=\"--awb-bg-size:cover;--awb-margin-bottom:0px;\"><div class=\"fusion-column-wrapper fusion-flex-column-wrapper-legacy\"><div class=\"fusion-sep-clear\"><\/div><div class=\"fusion-separator fusion-full-width-sep\" style=\"margin-left: auto;margin-right: auto;margin-top:25px;width:100%;\"><\/div><div class=\"fusion-sep-clear\"><\/div><div class=\"fusion-section-separator section-separator triangle fusion-section-separator-1\" style=\"--awb-border-bottom:5px solid #8bc34a;--awb-spacer-height:5px;--awb-svg-margin-left:0;--awb-svg-margin-right:0;--awb-icon-color:#ffffff;--awb-icon-top:auto;--awb-icon-bottom:-15px;\"><div class=\"fusion-section-separator-svg\"><div class=\"divider-candy-arrow bottom\" style=\"top:5px;border-top-color: #8bc34a;\"><\/div><div class=\"divider-candy bottom\" style=\"bottom:-25px;border-bottom:1px solid #8bc34a;border-left:1px solid #8bc34a;\"><\/div><\/div><div class=\"fusion-section-separator-spacer\"><div class=\"fusion-section-separator-spacer-height\"><\/div><\/div><\/div><div class=\"fusion-sep-clear\"><\/div><div class=\"fusion-separator fusion-full-width-sep\" style=\"margin-left: auto;margin-right: auto;margin-top:25px;width:100%;\"><\/div><div class=\"fusion-sep-clear\"><\/div><div class=\"fusion-sep-clear\"><\/div><div class=\"fusion-separator fusion-full-width-sep\" style=\"margin-left: auto;margin-right: auto;margin-top:25px;width:100%;\"><\/div><div class=\"fusion-sep-clear\"><\/div><div class=\"fusion-text fusion-text-3\"><h2 style=\"text-align: center;\"><a href=\"https:\/\/www.lescomesbtt.com\/index.php\/services\/?lang=es\">Alojamiento y informaci\u00f3n tur\u00edstica<\/a><\/h2>\n<\/div><div class=\"fusion-clearfix\"><\/div><\/div><\/div><div class=\"fusion-layout-column fusion_builder_column fusion-builder-column-5 fusion_builder_column_1_1 1_1 fusion-one-full fusion-column-first fusion-column-last fusion-column-no-min-height\" style=\"--awb-bg-size:cover;--awb-margin-bottom:0px;\"><div class=\"fusion-column-wrapper fusion-flex-column-wrapper-legacy\"><div class=\"fusion-clearfix\"><\/div><\/div><\/div><\/div><\/div><\/p>\n","protected":false},"excerpt":{"rendered":"","protected":false},"author":2,"featured_media":0,"parent":0,"menu_order":0,"comment_status":"closed","ping_status":"closed","template":"","meta":{"_exactmetrics_skip_tracking":false,"_exactmetrics_sitenote_active":false,"_exactmetrics_sitenote_note":"","_exactmetrics_sitenote_category":0},"yoast_head":"<!-- This site is optimized with the Yoast SEO plugin v20.1 - https:\/\/yoast.com\/wordpress\/plugins\/seo\/ -->\n<title>Visitantes Les Comes - LES COMES BTT<\/title>\n<meta name=\"robots\" content=\"index, follow, max-snippet:-1, max-image-preview:large, max-video-preview:-1\" \/>\n<link rel=\"canonical\" href=\"https:\/\/www.lescomesbtt.com\/index.php\/visitants-les-comes\/?lang=es\" \/>\n<meta property=\"og:locale\" content=\"ca_ES\" \/>\n<meta property=\"og:type\" content=\"article\" \/>\n<meta property=\"og:title\" content=\"Visitantes Les Comes - LES COMES BTT\" \/>\n<meta property=\"og:url\" content=\"https:\/\/www.lescomesbtt.com\/index.php\/visitants-les-comes\/?lang=es\" \/>\n<meta property=\"og:site_name\" content=\"LES COMES BTT\" \/>\n<meta property=\"article:modified_time\" content=\"2021-12-08T08:08:41+00:00\" \/>\n<meta name=\"twitter:card\" content=\"summary_large_image\" \/>\n<meta name=\"twitter:label1\" content=\"Temps estimat de lectura\" \/>\n\t<meta name=\"twitter:data1\" content=\"5 minuts\" \/>\n<script type=\"application\/ld+json\" class=\"yoast-schema-graph\">{\"@context\":\"https:\/\/schema.org\",\"@graph\":[{\"@type\":\"WebPage\",\"@id\":\"https:\/\/www.lescomesbtt.com\/index.php\/visitants-les-comes\/?lang=es\",\"url\":\"https:\/\/www.lescomesbtt.com\/index.php\/visitants-les-comes\/?lang=es\",\"name\":\"Visitantes Les Comes - LES COMES BTT\",\"isPartOf\":{\"@id\":\"https:\/\/www.lescomesbtt.com\/#website\"},\"datePublished\":\"2018-06-15T08:14:45+00:00\",\"dateModified\":\"2021-12-08T08:08:41+00:00\",\"breadcrumb\":{\"@id\":\"https:\/\/www.lescomesbtt.com\/index.php\/visitants-les-comes\/?lang=es#breadcrumb\"},\"inLanguage\":\"ca\",\"potentialAction\":[{\"@type\":\"ReadAction\",\"target\":[\"https:\/\/www.lescomesbtt.com\/index.php\/visitants-les-comes\/?lang=es\"]}]},{\"@type\":\"BreadcrumbList\",\"@id\":\"https:\/\/www.lescomesbtt.com\/index.php\/visitants-les-comes\/?lang=es#breadcrumb\",\"itemListElement\":[{\"@type\":\"ListItem\",\"position\":1,\"name\":\"Portada\",\"item\":\"https:\/\/www.lescomesbtt.com\/\"},{\"@type\":\"ListItem\",\"position\":2,\"name\":\"Visitantes Les Comes\"}]},{\"@type\":\"WebSite\",\"@id\":\"https:\/\/www.lescomesbtt.com\/#website\",\"url\":\"https:\/\/www.lescomesbtt.com\/\",\"name\":\"LES COMES BTT\",\"description\":\"La gran festa del BTT\",\"potentialAction\":[{\"@type\":\"SearchAction\",\"target\":{\"@type\":\"EntryPoint\",\"urlTemplate\":\"https:\/\/www.lescomesbtt.com\/?s={search_term_string}\"},\"query-input\":\"required name=search_term_string\"}],\"inLanguage\":\"ca\"}]}<\/script>\n<!-- \/ Yoast SEO plugin. -->","yoast_head_json":{"title":"Visitantes Les Comes - LES COMES BTT","robots":{"index":"index","follow":"follow","max-snippet":"max-snippet:-1","max-image-preview":"max-image-preview:large","max-video-preview":"max-video-preview:-1"},"canonical":"https:\/\/www.lescomesbtt.com\/index.php\/visitants-les-comes\/?lang=es","og_locale":"ca_ES","og_type":"article","og_title":"Visitantes Les Comes - LES COMES BTT","og_url":"https:\/\/www.lescomesbtt.com\/index.php\/visitants-les-comes\/?lang=es","og_site_name":"LES COMES BTT","article_modified_time":"2021-12-08T08:08:41+00:00","twitter_card":"summary_large_image","twitter_misc":{"Temps estimat de lectura":"5 minuts"},"schema":{"@context":"https:\/\/schema.org","@graph":[{"@type":"WebPage","@id":"https:\/\/www.lescomesbtt.com\/index.php\/visitants-les-comes\/?lang=es","url":"https:\/\/www.lescomesbtt.com\/index.php\/visitants-les-comes\/?lang=es","name":"Visitantes Les Comes - LES COMES BTT","isPartOf":{"@id":"https:\/\/www.lescomesbtt.com\/#website"},"datePublished":"2018-06-15T08:14:45+00:00","dateModified":"2021-12-08T08:08:41+00:00","breadcrumb":{"@id":"https:\/\/www.lescomesbtt.com\/index.php\/visitants-les-comes\/?lang=es#breadcrumb"},"inLanguage":"ca","potentialAction":[{"@type":"ReadAction","target":["https:\/\/www.lescomesbtt.com\/index.php\/visitants-les-comes\/?lang=es"]}]},{"@type":"BreadcrumbList","@id":"https:\/\/www.lescomesbtt.com\/index.php\/visitants-les-comes\/?lang=es#breadcrumb","itemListElement":[{"@type":"ListItem","position":1,"name":"Portada","item":"https:\/\/www.lescomesbtt.com\/"},{"@type":"ListItem","position":2,"name":"Visitantes Les Comes"}]},{"@type":"WebSite","@id":"https:\/\/www.lescomesbtt.com\/#website","url":"https:\/\/www.lescomesbtt.com\/","name":"LES COMES BTT","description":"La gran festa del BTT","potentialAction":[{"@type":"SearchAction","target":{"@type":"EntryPoint","urlTemplate":"https:\/\/www.lescomesbtt.com\/?s={search_term_string}"},"query-input":"required name=search_term_string"}],"inLanguage":"ca"}]}},"_links":{"self":[{"href":"https:\/\/www.lescomesbtt.com\/index.php\/wp-json\/wp\/v2\/pages\/12738"}],"collection":[{"href":"https:\/\/www.lescomesbtt.com\/index.php\/wp-json\/wp\/v2\/pages"}],"about":[{"href":"https:\/\/www.lescomesbtt.com\/index.php\/wp-json\/wp\/v2\/types\/page"}],"author":[{"embeddable":true,"href":"https:\/\/www.lescomesbtt.com\/index.php\/wp-json\/wp\/v2\/users\/2"}],"replies":[{"embeddable":true,"href":"https:\/\/www.lescomesbtt.com\/index.php\/wp-json\/wp\/v2\/comments?post=12738"}],"version-history":[{"count":13,"href":"https:\/\/www.lescomesbtt.com\/index.php\/wp-json\/wp\/v2\/pages\/12738\/revisions"}],"predecessor-version":[{"id":15638,"href":"https:\/\/www.lescomesbtt.com\/index.php\/wp-json\/wp\/v2\/pages\/12738\/revisions\/15638"}],"wp:attachment":[{"href":"https:\/\/www.lescomesbtt.com\/index.php\/wp-json\/wp\/v2\/media?parent=12738"}],"curies":[{"name":"wp","href":"https:\/\/api.w.org\/{rel}","templated":true}]}}